{"id":1516,"date":"2016-05-12T13:31:32","date_gmt":"2016-05-12T13:31:32","guid":{"rendered":"http:\/\/ld-wp.template-help.com\/wordpress_52382-sample\/?page_id=8"},"modified":"2024-04-24T20:31:49","modified_gmt":"2024-04-24T20:31:49","slug":"servicios","status":"publish","type":"page","link":"https:\/\/www.fraiserfromiptoinnovation.com\/index.php\/servicios\/","title":{"rendered":"SERVICIOS"},"content":{"rendered":"<p>Nuestros Servicios Propiedad Intelectual La Propiedad Intelectual es todo aquello que es producto de la creatividad de las personas y las empresas, lo cual incluye tanto las creaciones art\u00edsticas y literarias de cualquier \u00edndole, as\u00ed como las marcas que sirven para pone <a href=\"https:\/\/www.fraiserfromiptoinnovation.com\/index.php\/servicios\/\" title=\"Read more on SERVICIOS\" class=\"more-link\">read more<\/a><\/p>\n","protected":false},"excerpt":{"rendered":"<p>Nuestros Servicios Propiedad Intelectual La Propiedad Intelectual es todo aquello que es producto de la creatividad de las personas y las empresas, lo cual incluye tanto las creaciones art\u00edsticas y literarias de cualquier \u00edndole, as\u00ed como las marcas que sirven para pone read more<\/p>\n","protected":false},"author":1,"featured_media":0,"parent":0,"menu_order":0,"comment_status":"closed","ping_status":"closed","template":"","meta":{"footnotes":""},"class_list":["post-1516","page","type-page","status-publish","hentry","no-thumb"],"_links":{"self":[{"href":"https:\/\/www.fraiserfromiptoinnovation.com\/index.php\/wp-json\/wp\/v2\/pages\/1516","targetHints":{"allow":["GET"]}}],"collection":[{"href":"https:\/\/www.fraiserfromiptoinnovation.com\/index.php\/wp-json\/wp\/v2\/pages"}],"about":[{"href":"https:\/\/www.fraiserfromiptoinnovation.com\/index.php\/wp-json\/wp\/v2\/types\/page"}],"author":[{"embeddable":true,"href":"https:\/\/www.fraiserfromiptoinnovation.com\/index.php\/wp-json\/wp\/v2\/users\/1"}],"replies":[{"embeddable":true,"href":"https:\/\/www.fraiserfromiptoinnovation.com\/index.php\/wp-json\/wp\/v2\/comments?post=1516"}],"version-history":[{"count":30,"href":"https:\/\/www.fraiserfromiptoinnovation.com\/index.php\/wp-json\/wp\/v2\/pages\/1516\/revisions"}],"predecessor-version":[{"id":1956,"href":"https:\/\/www.fraiserfromiptoinnovation.com\/index.php\/wp-json\/wp\/v2\/pages\/1516\/revisions\/1956"}],"wp:attachment":[{"href":"https:\/\/www.fraiserfromiptoinnovation.com\/index.php\/wp-json\/wp\/v2\/media?parent=1516"}],"curies":[{"name":"wp","href":"https:\/\/api.w.org\/{rel}","templated":true}]}}