{"id":1884,"date":"2024-04-24T17:37:13","date_gmt":"2024-04-24T17:37:13","guid":{"rendered":"https:\/\/www.fraiserfromiptoinnovation.com\/?page_id=1884"},"modified":"2024-06-01T18:55:34","modified_gmt":"2024-06-01T18:55:34","slug":"transferencia-de-tecnologia-y-contratos","status":"publish","type":"page","link":"https:\/\/www.fraiserfromiptoinnovation.com\/index.php\/servicios\/transferencia-de-tecnologia-y-contratos\/","title":{"rendered":"TRANSFERENCIA DE TECNOLOG\u00cdA Y CONTRATOS"},"content":{"rendered":"<p>TRANSFERENCIA DE TECNOLOG\u00cdA Y CONTRATOS De acuerdo con la Organizaci\u00f3n Mundial de la Propiedad Intelectual (OMPI), la transferencia de tecnolog\u00eda se refiere a la transferencia de soluciones innovadoras que est\u00e1n, protegidas por diferentes derechos de Propiedad Intelectu <a href=\"https:\/\/www.fraiserfromiptoinnovation.com\/index.php\/servicios\/transferencia-de-tecnologia-y-contratos\/\" title=\"Read more on TRANSFERENCIA DE TECNOLOG\u00cdA Y CONTRATOS\" class=\"more-link\">read more<\/a><\/p>\n","protected":false},"excerpt":{"rendered":"<p>TRANSFERENCIA DE TECNOLOG\u00cdA Y CONTRATOS De acuerdo con la Organizaci\u00f3n Mundial de la Propiedad Intelectual (OMPI), la transferencia de tecnolog\u00eda se refiere a la transferencia de soluciones innovadoras que est\u00e1n, protegidas por diferentes derechos de Propiedad Intelectu read more<\/p>\n","protected":false},"author":1,"featured_media":0,"parent":1516,"menu_order":0,"comment_status":"closed","ping_status":"closed","template":"","meta":{"footnotes":""},"class_list":["post-1884","page","type-page","status-publish","hentry","no-thumb"],"_links":{"self":[{"href":"https:\/\/www.fraiserfromiptoinnovation.com\/index.php\/wp-json\/wp\/v2\/pages\/1884","targetHints":{"allow":["GET"]}}],"collection":[{"href":"https:\/\/www.fraiserfromiptoinnovation.com\/index.php\/wp-json\/wp\/v2\/pages"}],"about":[{"href":"https:\/\/www.fraiserfromiptoinnovation.com\/index.php\/wp-json\/wp\/v2\/types\/page"}],"author":[{"embeddable":true,"href":"https:\/\/www.fraiserfromiptoinnovation.com\/index.php\/wp-json\/wp\/v2\/users\/1"}],"replies":[{"embeddable":true,"href":"https:\/\/www.fraiserfromiptoinnovation.com\/index.php\/wp-json\/wp\/v2\/comments?post=1884"}],"version-history":[{"count":13,"href":"https:\/\/www.fraiserfromiptoinnovation.com\/index.php\/wp-json\/wp\/v2\/pages\/1884\/revisions"}],"predecessor-version":[{"id":2088,"href":"https:\/\/www.fraiserfromiptoinnovation.com\/index.php\/wp-json\/wp\/v2\/pages\/1884\/revisions\/2088"}],"up":[{"embeddable":true,"href":"https:\/\/www.fraiserfromiptoinnovation.com\/index.php\/wp-json\/wp\/v2\/pages\/1516"}],"wp:attachment":[{"href":"https:\/\/www.fraiserfromiptoinnovation.com\/index.php\/wp-json\/wp\/v2\/media?parent=1884"}],"curies":[{"name":"wp","href":"https:\/\/api.w.org\/{rel}","templated":true}]}}