{"id":1906,"date":"2024-04-24T17:50:11","date_gmt":"2024-04-24T17:50:11","guid":{"rendered":"https:\/\/www.fraiserfromiptoinnovation.com\/?page_id=1906"},"modified":"2024-06-06T20:43:08","modified_gmt":"2024-06-06T20:43:08","slug":"gestion-de-innovacion","status":"publish","type":"page","link":"https:\/\/www.fraiserfromiptoinnovation.com\/index.php\/servicios\/gestion-de-innovacion\/","title":{"rendered":"GESTI\u00d3N DE INNOVACI\u00d3N"},"content":{"rendered":"<p>GESTI\u00d3N DE INNOVACI\u00d3N o\u00a0 Conformacio\u0301n y coordinacio\u0301n de proyectos de investigacio\u0301n ba\u0301sica1 y aplicada2 e innovacio\u0301n tecnolo\u0301gica en a\u0301reas biotecnologi\u0301a, farmace\u0301utica, electro\u0301nica y meca\u0301nica (incluye dispositivos me\u0301dicos).o Tra\u0301mite de acreditacio\u0301n juri\u0301dica  <a href=\"https:\/\/www.fraiserfromiptoinnovation.com\/index.php\/servicios\/gestion-de-innovacion\/\" title=\"Read more on GESTI\u00d3N DE INNOVACI\u00d3N\" class=\"more-link\">read more<\/a><\/p>\n","protected":false},"excerpt":{"rendered":"<p>GESTI\u00d3N DE INNOVACI\u00d3N o\u00a0 Conformacio\u0301n y coordinacio\u0301n de proyectos de investigacio\u0301n ba\u0301sica1 y aplicada2 e innovacio\u0301n tecnolo\u0301gica en a\u0301reas biotecnologi\u0301a, farmace\u0301utica, electro\u0301nica y meca\u0301nica (incluye dispositivos me\u0301dicos).o Tra\u0301mite de acreditacio\u0301n juri\u0301dica read more<\/p>\n","protected":false},"author":1,"featured_media":0,"parent":1516,"menu_order":0,"comment_status":"closed","ping_status":"closed","template":"","meta":{"footnotes":""},"class_list":["post-1906","page","type-page","status-publish","hentry","no-thumb"],"_links":{"self":[{"href":"https:\/\/www.fraiserfromiptoinnovation.com\/index.php\/wp-json\/wp\/v2\/pages\/1906","targetHints":{"allow":["GET"]}}],"collection":[{"href":"https:\/\/www.fraiserfromiptoinnovation.com\/index.php\/wp-json\/wp\/v2\/pages"}],"about":[{"href":"https:\/\/www.fraiserfromiptoinnovation.com\/index.php\/wp-json\/wp\/v2\/types\/page"}],"author":[{"embeddable":true,"href":"https:\/\/www.fraiserfromiptoinnovation.com\/index.php\/wp-json\/wp\/v2\/users\/1"}],"replies":[{"embeddable":true,"href":"https:\/\/www.fraiserfromiptoinnovation.com\/index.php\/wp-json\/wp\/v2\/comments?post=1906"}],"version-history":[{"count":10,"href":"https:\/\/www.fraiserfromiptoinnovation.com\/index.php\/wp-json\/wp\/v2\/pages\/1906\/revisions"}],"predecessor-version":[{"id":2114,"href":"https:\/\/www.fraiserfromiptoinnovation.com\/index.php\/wp-json\/wp\/v2\/pages\/1906\/revisions\/2114"}],"up":[{"embeddable":true,"href":"https:\/\/www.fraiserfromiptoinnovation.com\/index.php\/wp-json\/wp\/v2\/pages\/1516"}],"wp:attachment":[{"href":"https:\/\/www.fraiserfromiptoinnovation.com\/index.php\/wp-json\/wp\/v2\/media?parent=1906"}],"curies":[{"name":"wp","href":"https:\/\/api.w.org\/{rel}","templated":true}]}}