{"id":2035,"date":"2024-05-17T21:56:54","date_gmt":"2024-05-17T21:56:54","guid":{"rendered":"https:\/\/www.fraiserfromiptoinnovation.com\/?page_id=2035"},"modified":"2024-05-17T22:20:46","modified_gmt":"2024-05-17T22:20:46","slug":"aviso-de-privacidad","status":"publish","type":"page","link":"https:\/\/www.fraiserfromiptoinnovation.com\/index.php\/aviso-de-privacidad\/","title":{"rendered":"AVISO DE PRIVACIDAD"},"content":{"rendered":"\t\t<div data-elementor-type=\"wp-page\" data-elementor-id=\"2035\" class=\"elementor elementor-2035\" data-elementor-post-type=\"page\">\n\t\t\t\t<div class=\"elementor-element elementor-element-8f6090c e-flex e-con-boxed e-con e-parent\" data-id=\"8f6090c\" data-element_type=\"container\">\n\t\t\t\t\t<div class=\"e-con-inner\">\n\t\t\t\t<div class=\"elementor-element elementor-element-6ec3bce elementor-widget elementor-widget-spacer\" data-id=\"6ec3bce\" data-element_type=\"widget\" data-widget_type=\"spacer.default\">\n\t\t\t\t<div class=\"elementor-widget-container\">\n\t\t\t<style>\/*! elementor - v3.23.0 - 25-07-2024 *\/\n.elementor-column .elementor-spacer-inner{height:var(--spacer-size)}.e-con{--container-widget-width:100%}.e-con-inner>.elementor-widget-spacer,.e-con>.elementor-widget-spacer{width:var(--container-widget-width,var(--spacer-size));--align-self:var(--container-widget-align-self,initial);--flex-shrink:0}.e-con-inner>.elementor-widget-spacer>.elementor-widget-container,.e-con>.elementor-widget-spacer>.elementor-widget-container{height:100%;width:100%}.e-con-inner>.elementor-widget-spacer>.elementor-widget-container>.elementor-spacer,.e-con>.elementor-widget-spacer>.elementor-widget-container>.elementor-spacer{height:100%}.e-con-inner>.elementor-widget-spacer>.elementor-widget-container>.elementor-spacer>.elementor-spacer-inner,.e-con>.elementor-widget-spacer>.elementor-widget-container>.elementor-spacer>.elementor-spacer-inner{height:var(--container-widget-height,var(--spacer-size))}.e-con-inner>.elementor-widget-spacer.elementor-widget-empty,.e-con>.elementor-widget-spacer.elementor-widget-empty{position:relative;min-height:22px;min-width:22px}.e-con-inner>.elementor-widget-spacer.elementor-widget-empty .elementor-widget-empty-icon,.e-con>.elementor-widget-spacer.elementor-widget-empty .elementor-widget-empty-icon{position:absolute;top:0;bottom:0;left:0;right:0;margin:auto;padding:0;width:22px;height:22px}<\/style>\t\t<div class=\"elementor-spacer\">\n\t\t\t<div class=\"elementor-spacer-inner\"><\/div>\n\t\t<\/div>\n\t\t\t\t<\/div>\n\t\t\t\t<\/div>\n\t\t\t\t\t<\/div>\n\t\t\t\t<\/div>\n\t\t<div class=\"elementor-element elementor-element-bb9ec40 e-flex e-con-boxed e-con e-parent\" data-id=\"bb9ec40\" data-element_type=\"container\">\n\t\t\t\t\t<div class=\"e-con-inner\">\n\t\t\t\t<div class=\"elementor-element elementor-element-5e622a8 elementor-widget elementor-widget-heading\" data-id=\"5e622a8\" data-element_type=\"widget\" data-widget_type=\"heading.default\">\n\t\t\t\t<div class=\"elementor-widget-container\">\n\t\t\t<style>\/*! elementor - v3.23.0 - 25-07-2024 *\/\n.elementor-heading-title{padding:0;margin:0;line-height:1}.elementor-widget-heading .elementor-heading-title[class*=elementor-size-]>a{color:inherit;font-size:inherit;line-height:inherit}.elementor-widget-heading .elementor-heading-title.elementor-size-small{font-size:15px}.elementor-widget-heading .elementor-heading-title.elementor-size-medium{font-size:19px}.elementor-widget-heading .elementor-heading-title.elementor-size-large{font-size:29px}.elementor-widget-heading .elementor-heading-title.elementor-size-xl{font-size:39px}.elementor-widget-heading .elementor-heading-title.elementor-size-xxl{font-size:59px}<\/style><h2 class=\"elementor-heading-title elementor-size-default\">AVISO DE PRIVACIDAD<\/h2>\t\t<\/div>\n\t\t\t\t<\/div>\n\t\t\t\t\t<\/div>\n\t\t\t\t<\/div>\n\t\t<div class=\"elementor-element elementor-element-91e7426 e-flex e-con-boxed e-con e-parent\" data-id=\"91e7426\" data-element_type=\"container\">\n\t\t\t\t\t<div class=\"e-con-inner\">\n\t\t\t\t<div class=\"elementor-element elementor-element-326ba72 elementor-widget elementor-widget-spacer\" data-id=\"326ba72\" data-element_type=\"widget\" data-widget_type=\"spacer.default\">\n\t\t\t\t<div class=\"elementor-widget-container\">\n\t\t\t\t\t<div class=\"elementor-spacer\">\n\t\t\t<div class=\"elementor-spacer-inner\"><\/div>\n\t\t<\/div>\n\t\t\t\t<\/div>\n\t\t\t\t<\/div>\n\t\t\t\t\t<\/div>\n\t\t\t\t<\/div>\n\t\t<div class=\"elementor-element elementor-element-461c063 e-flex e-con-boxed e-con e-parent\" data-id=\"461c063\" data-element_type=\"container\">\n\t\t\t\t\t<div class=\"e-con-inner\">\n\t\t\t\t<div class=\"elementor-element elementor-element-ec80d70 elementor-widget elementor-widget-text-editor\" data-id=\"ec80d70\" data-element_type=\"widget\" data-widget_type=\"text-editor.default\">\n\t\t\t\t<div class=\"elementor-widget-container\">\n\t\t\t<style>\/*! elementor - v3.23.0 - 25-07-2024 *\/\n.elementor-widget-text-editor.elementor-drop-cap-view-stacked .elementor-drop-cap{background-color:#69727d;color:#fff}.elementor-widget-text-editor.elementor-drop-cap-view-framed .elementor-drop-cap{color:#69727d;border:3px solid;background-color:transparent}.elementor-widget-text-editor:not(.elementor-drop-cap-view-default) .elementor-drop-cap{margin-top:8px}.elementor-widget-text-editor:not(.elementor-drop-cap-view-default) .elementor-drop-cap-letter{width:1em;height:1em}.elementor-widget-text-editor .elementor-drop-cap{float:left;text-align:center;line-height:1;font-size:50px}.elementor-widget-text-editor .elementor-drop-cap-letter{display:inline-block}<\/style>\t\t\t\t<p>ILEANA SERRANO FRAIRE (en adelante EL RESPONSABLE), con fundamento en la Ley Federal de Protecci\u00f3n de Datos Personales en Posesi\u00f3n de los Particulares (en adelante LA LEY), le informa que los datos personales recabados ser\u00e1n sometidos a debido tratamiento de acuerdo a LA LEY, para lo cual se le proporciona la siguiente informaci\u00f3n:<\/p><p>\u00a0<\/p><p>\u00a0<\/p><p><strong>Finalidades del Tratamiento de Datos Personales.<\/strong><\/p><p>EL RESPONSABLE recabar\u00e1 los datos personales para llevar a cabo de manera eficaz los siguientes objetivos y servicios:<\/p><p>\u00a0<\/p><ul><li>Fines de identificaci\u00f3n del titular.<\/li><li>Conocer todos o algunos de los siguientes datos: domicilio, tel\u00e9fono, correo electr\u00f3nico del titular, rfc, curp, estado civil, nacionalidad, para realizar avisos, notificaciones, promoci\u00f3n de los servicios.<\/li><li>Elaboraci\u00f3n de propuestas y ejecuci\u00f3n de servicios profesionales en materia legal y\/o de propiedad intelectual que se le soliciten.<\/li><li>Facturaci\u00f3n y cobranza por Servicios.<\/li><li>Conservaci\u00f3n de registros de datos para seguimiento a los servicios legales y\/o de propiedad intelectual y prestaci\u00f3n de Servicios en el futuro y en general para dar seguimiento a cualquier relaci\u00f3n profesional o comercial.<\/li><li>An\u00e1lisis estad\u00edsticos y de mercado.<\/li><li>Promoci\u00f3n y mercadeo espor\u00e1dico y eventual de servicios proporcionados por EL RESPONSABLE.<\/li><\/ul><p>En la recolecci\u00f3n y manejo de datos personales seguimos los principios que marca el art\u00edculo 6 de LA LEY, como son licitud, calidad, consentimiento, informaci\u00f3n, finalidad, lealtad, proporcionalidad y responsabilidad.<\/p><p>EL RESPONSABLE hace de su conocimiento que los datos personales recabados o generados con motivo de la prestaci\u00f3n de los Servicios, por medio de solicitudes, declaraciones, redes sociales, medios electr\u00f3nicos, documentos en todas sus modalidades, ser\u00e1n utilizados y tratados exclusivamente para los fines vinculados con los Servicios, as\u00ed como para el efectivo cumplimiento de todas y cada una de las obligaciones derivadas de la relaci\u00f3n contractual para la prestaci\u00f3n de estos.<\/p><p><strong>\u00a0<\/strong><\/p><p><strong>Transferencia.<\/strong><\/p><p>Para la prestaci\u00f3n de sus Servicios EL RESPONSABLE puede transferir dentro y fuera del pa\u00eds, los datos personales en su posesi\u00f3n, a terceros subcontratados para fines relacionados con los se\u00f1alados en este aviso de privacidad. Dentro de los terceros a los que se transferir\u00e1n dichos datos, se incluyen sin limitar autoridades que lo requieran o aquellos a los que EL RESPONSABLE considere necesario o conveniente comunicar datos personales para la debida y eficiente prestaci\u00f3n de los Servicios.<\/p><p>De igual forma sus datos personales podr\u00e1n ser compartidos con Fedatarios P\u00fablicos y\/o Abogados de EL RESPONSABLE, con motivo de los actos jur\u00eddicos generados por dicha prestaci\u00f3n de servicios.<\/p><p><strong>\u00a0<\/strong><\/p><p><strong>Identidad y Domicilio del responsable que Recaba los Datos.<\/strong><\/p><p>EL RESPONSABLE de protecci\u00f3n de datos personales es ILEANA SERRANO FRAIRE, con domicilio en la calle Jacarandas #1464, Col. Para\u00edsos del Colli, C.P. 45069, Zapopan, Jalisco, M\u00e9xico.<\/p><p>\u00a0<\/p><p><strong>Limitaci\u00f3n de Uso y Divulgaci\u00f3n de Datos Personales.<\/strong><\/p><p>Para limitar el uso o divulgaci\u00f3n de sus datos personales, favor de enviar un correo electr\u00f3nico a\u00a0fraiserinnovation@gmail.com o notificaci\u00f3n por escrito al domicilio de EL RESPONSABLE se\u00f1alado anteriormente, EL RESPONSABLE le deber\u00e1 otorgar el acuse de recibo correspondiente.<\/p><p>\u00a0<\/p><p><strong>Opciones, Medios y Procedimientos Disponibles para Ejercer los Derechos ARCO.<\/strong><\/p><p>Apegado a los t\u00e9rminos del art\u00edculo 16 fracci\u00f3n III, 28, 29 y dem\u00e1s relativos de LA LEY, usted podr\u00e1 ejercer los derechos de acceso, rectificaci\u00f3n, cancelaci\u00f3n u oposici\u00f3n de su informaci\u00f3n (derechos ARCO), contactando o estableciendo comunicaci\u00f3n escrita en el domicilio ya mencionado de EL RESPONSABLE, proporcionando los siguientes requisitos:<\/p><ul><li>Nombre del titular y domicilio u otro medio para comunicarle la respuesta a su solicitud;<\/li><li>Los documentos que acrediten la identidad o, en su caso, la representaci\u00f3n legal del titular;<\/li><li>La descripci\u00f3n clara y precisa de lo que busca ejercer respecto a sus datos personales, de conformidad a sus derechos que se\u00f1ala LA LEY.<\/li><li>Cualquier otro elemento o documento que facilite la localizaci\u00f3n de los datos personales.<\/li><\/ul><p>Al presentar la solicitud para ejercer cualquiera de los derechos mencionados, EL RESPONSABLE le deber\u00e1 otorgar el acuse de recibo correspondiente.<\/p><p>\u00a0<\/p><p>Cualquier solicitud referente a lo anterior, ser\u00e1 resuelta en un plazo m\u00e1ximo de 20 d\u00edas, t\u00e9rmino que podr\u00e1 ser prorrogable por un plazo igual en caso de existir una causa justificada de EL RESPONSABLE. Lo anterior, en t\u00e9rminos de lo establecido por el art\u00edculo 32 de LA LEY.<\/p><p>\u00a0<\/p><p><strong>Medios y Procedimiento a trav\u00e9s de los cuales se Comunicar\u00e1n Cambios al presente Aviso de Privacidad.<\/strong><\/p><p>Si existe un cambio o modificaci\u00f3n en este aviso de privacidad, le informaremos bajo alguna de las siguientes formas:<\/p><p>\u00a0<\/p><ul><li>A trav\u00e9s de un correo electr\u00f3nico a la cuenta que ha proporcionado,<\/li><li>Public\u00e1ndolo en el portal web: fraiserfromiptoinnovation.com, o<\/li><li>V\u00eda telef\u00f3nica al n\u00famero de tel\u00e9fono que ha proporcionado.<\/li><\/ul><p>\u00a0<\/p><p>EL RESPONSABLE se reserva el derecho de cambiar y actualizar el presente aviso de privacidad siempre apegado a LA LEY, y no ser\u00e1 responsable si el aviso de privacidad sufre alg\u00fan cambio y la notificaci\u00f3n de modificaci\u00f3n, por error de usted al proporcionar su n\u00famero telef\u00f3nico o su direcci\u00f3n de correo, o por error de administraci\u00f3n de su cuenta de correo electr\u00f3nico o de transmisi\u00f3n de datos, no es recibida por usted. De no recibir EL RESPONSABLE su respuesta en un plazo de 72 horas a partir de enviado o notificado el cambio, se entender\u00e1 que acepta de conformidad los cambios citados.<\/p><p>\u00a0<\/p><p><strong>Sitio donde se podr\u00e1 consultar el Aviso de Privacidad.<\/strong><\/p><p>El titular tiene activa la oportunidad de leer el aviso de privacidad actualizado en cualquier momento en el portal web: https.fraiserfromiptoinnovation.com\/ o en el domicilio se\u00f1alado en el presente documento.<\/p><p><strong>\u00a0<\/strong><\/p><p><strong>\u00daltima actualizaci\u00f3n de este Aviso de Privacidad: 14 de mayo de 2024.<\/strong><\/p><p>\u00a0<\/p>\t\t\t\t\t\t<\/div>\n\t\t\t\t<\/div>\n\t\t\t\t\t<\/div>\n\t\t\t\t<\/div>\n\t\t\t\t<\/div>\n\t\t","protected":false},"excerpt":{"rendered":"<p>AVISO DE PRIVACIDAD ILEANA SERRANO FRAIRE (en adelante EL RESPONSABLE), con fundamento en la Ley Federal de Protecci\u00f3n de Datos Personales en Posesi\u00f3n de los Particulares (en adelante LA LEY), le informa que los datos personales recabados ser\u00e1n sometidos a debido tratamiento de acuerdo a LA LEY, para lo cual se le proporciona la siguiente &hellip;<\/p>\n","protected":false},"author":1,"featured_media":0,"parent":0,"menu_order":0,"comment_status":"closed","ping_status":"closed","template":"","meta":{"footnotes":""},"class_list":["post-2035","page","type-page","status-publish","hentry","no-thumb"],"_links":{"self":[{"href":"https:\/\/www.fraiserfromiptoinnovation.com\/index.php\/wp-json\/wp\/v2\/pages\/2035","targetHints":{"allow":["GET"]}}],"collection":[{"href":"https:\/\/www.fraiserfromiptoinnovation.com\/index.php\/wp-json\/wp\/v2\/pages"}],"about":[{"href":"https:\/\/www.fraiserfromiptoinnovation.com\/index.php\/wp-json\/wp\/v2\/types\/page"}],"author":[{"embeddable":true,"href":"https:\/\/www.fraiserfromiptoinnovation.com\/index.php\/wp-json\/wp\/v2\/users\/1"}],"replies":[{"embeddable":true,"href":"https:\/\/www.fraiserfromiptoinnovation.com\/index.php\/wp-json\/wp\/v2\/comments?post=2035"}],"version-history":[{"count":5,"href":"https:\/\/www.fraiserfromiptoinnovation.com\/index.php\/wp-json\/wp\/v2\/pages\/2035\/revisions"}],"predecessor-version":[{"id":2041,"href":"https:\/\/www.fraiserfromiptoinnovation.com\/index.php\/wp-json\/wp\/v2\/pages\/2035\/revisions\/2041"}],"wp:attachment":[{"href":"https:\/\/www.fraiserfromiptoinnovation.com\/index.php\/wp-json\/wp\/v2\/media?parent=2035"}],"curies":[{"name":"wp","href":"https:\/\/api.w.org\/{rel}","templated":true}]}}